{"id":33061,"date":"2021-08-05T15:35:24","date_gmt":"2021-08-05T13:35:24","guid":{"rendered":"https:\/\/leschoucas.com\/?page_id=33061"},"modified":"2024-03-09T15:30:47","modified_gmt":"2024-03-09T14:30:47","slug":"droit-image","status":"publish","type":"page","link":"https:\/\/leschoucas.com\/index.php\/droit-image\/","title":{"rendered":"Droit \u00e0 l&rsquo;image"},"content":{"rendered":"\t\t<div data-elementor-type=\"wp-page\" data-elementor-id=\"33061\" class=\"elementor elementor-33061\">\n\t\t\t\t\t\t<section class=\"elementor-section elementor-top-section elementor-element elementor-element-e70dd2c elementor-section-boxed elementor-section-height-default elementor-section-height-default exad-glass-effect-no exad-sticky-section-no\" data-id=\"e70dd2c\" data-element_type=\"section\" data-settings=\"{&quot;background_background&quot;:&quot;classic&quot;,&quot;shape_divider_bottom&quot;:&quot;tilt&quot;}\">\n\t\t\t\t\t<div class=\"elementor-shape elementor-shape-bottom\" data-negative=\"false\">\n\t\t\t<svg xmlns=\"http:\/\/www.w3.org\/2000\/svg\" viewBox=\"0 0 1000 100\" preserveAspectRatio=\"none\">\n\t<path class=\"elementor-shape-fill\" d=\"M0,6V0h1000v100L0,6z\"\/>\n<\/svg>\t\t<\/div>\n\t\t\t\t\t<div class=\"elementor-container elementor-column-gap-default\">\n\t\t\t\t\t<div class=\"elementor-column elementor-col-100 elementor-top-column elementor-element elementor-element-b4c110b exad-glass-effect-no exad-sticky-section-no\" data-id=\"b4c110b\" data-element_type=\"column\">\n\t\t\t<div class=\"elementor-widget-wrap elementor-element-populated\">\n\t\t\t\t\t\t<div class=\"elementor-element elementor-element-424b156 exad-sticky-section-no exad-glass-effect-no elementor-widget elementor-widget-heading\" data-id=\"424b156\" data-element_type=\"widget\" data-widget_type=\"heading.default\">\n\t\t\t\t<div class=\"elementor-widget-container\">\n\t\t\t<style>\/*! elementor - v3.21.0 - 08-05-2024 *\/\n.elementor-heading-title{padding:0;margin:0;line-height:1}.elementor-widget-heading .elementor-heading-title[class*=elementor-size-]>a{color:inherit;font-size:inherit;line-height:inherit}.elementor-widget-heading .elementor-heading-title.elementor-size-small{font-size:15px}.elementor-widget-heading .elementor-heading-title.elementor-size-medium{font-size:19px}.elementor-widget-heading .elementor-heading-title.elementor-size-large{font-size:29px}.elementor-widget-heading .elementor-heading-title.elementor-size-xl{font-size:39px}.elementor-widget-heading .elementor-heading-title.elementor-size-xxl{font-size:59px}<\/style><h2 class=\"elementor-heading-title elementor-size-default\">CONTRAT DE CESSION DU DROIT A\nL'IMAGE<\/h2>\t\t<\/div>\n\t\t\t\t<\/div>\n\t\t\t\t<div class=\"elementor-element elementor-element-59176e8 exad-sticky-section-no exad-glass-effect-no elementor-widget elementor-widget-heading\" data-id=\"59176e8\" data-element_type=\"widget\" data-widget_type=\"heading.default\">\n\t\t\t\t<div class=\"elementor-widget-container\">\n\t\t\t<h2 class=\"elementor-heading-title elementor-size-default\">Montrez nous votre plus beau profil<\/h2>\t\t<\/div>\n\t\t\t\t<\/div>\n\t\t\t\t\t<\/div>\n\t\t<\/div>\n\t\t\t\t\t<\/div>\n\t\t<\/section>\n\t\t\t\t<section class=\"elementor-section elementor-top-section elementor-element elementor-element-851e790 elementor-section-boxed elementor-section-height-default elementor-section-height-default exad-glass-effect-no exad-sticky-section-no\" data-id=\"851e790\" data-element_type=\"section\">\n\t\t\t\t\t\t<div class=\"elementor-container elementor-column-gap-default\">\n\t\t\t\t\t<div class=\"elementor-column elementor-col-100 elementor-top-column elementor-element elementor-element-c9b4277 exad-glass-effect-no exad-sticky-section-no\" data-id=\"c9b4277\" data-element_type=\"column\">\n\t\t\t<div class=\"elementor-widget-wrap elementor-element-populated\">\n\t\t\t\t\t\t<div class=\"elementor-element elementor-element-20ddff0 exad-sticky-section-no exad-glass-effect-no elementor-widget elementor-widget-heading\" data-id=\"20ddff0\" data-element_type=\"widget\" data-widget_type=\"heading.default\">\n\t\t\t\t<div class=\"elementor-widget-container\">\n\t\t\t<h2 class=\"elementor-heading-title elementor-size-default\">L'art de saisir l\u2019instant<\/h2>\t\t<\/div>\n\t\t\t\t<\/div>\n\t\t\t\t\t<\/div>\n\t\t<\/div>\n\t\t\t\t\t<\/div>\n\t\t<\/section>\n\t\t\t\t<section class=\"elementor-section elementor-top-section elementor-element elementor-element-c7e3557 elementor-section-boxed elementor-section-height-default elementor-section-height-default exad-glass-effect-no exad-sticky-section-no\" data-id=\"c7e3557\" data-element_type=\"section\" data-settings=\"{&quot;background_background&quot;:&quot;classic&quot;}\">\n\t\t\t\t\t\t\t<div class=\"elementor-background-overlay\"><\/div>\n\t\t\t\t\t\t\t<div class=\"elementor-container elementor-column-gap-default\">\n\t\t\t\t\t<div class=\"elementor-column elementor-col-100 elementor-top-column elementor-element elementor-element-e012bbd exad-glass-effect-no exad-sticky-section-no\" data-id=\"e012bbd\" data-element_type=\"column\">\n\t\t\t<div class=\"elementor-widget-wrap elementor-element-populated\">\n\t\t\t\t\t\t<div class=\"elementor-element elementor-element-32267e2 exad-sticky-section-no exad-glass-effect-no elementor-widget elementor-widget-text-editor\" data-id=\"32267e2\" data-element_type=\"widget\" data-widget_type=\"text-editor.default\">\n\t\t\t\t<div class=\"elementor-widget-container\">\n\t\t\t<style>\/*! elementor - v3.21.0 - 08-05-2024 *\/\n.elementor-widget-text-editor.elementor-drop-cap-view-stacked .elementor-drop-cap{background-color:#69727d;color:#fff}.elementor-widget-text-editor.elementor-drop-cap-view-framed .elementor-drop-cap{color:#69727d;border:3px solid;background-color:transparent}.elementor-widget-text-editor:not(.elementor-drop-cap-view-default) .elementor-drop-cap{margin-top:8px}.elementor-widget-text-editor:not(.elementor-drop-cap-view-default) .elementor-drop-cap-letter{width:1em;height:1em}.elementor-widget-text-editor .elementor-drop-cap{float:left;text-align:center;line-height:1;font-size:50px}.elementor-widget-text-editor .elementor-drop-cap-letter{display:inline-block}<\/style>\t\t\t\t<p>Le pr\u00e9sent contrat est \u00e9tabli, entre les \u00e9l\u00e8ves de l&rsquo;\u00e9cole de parapente Les Choucas inscrits sur un stage ou plus et :<\/p><p><span style=\"font-size: 16px; font-family: var( --e-global-typography-text-font-family ), Sans-serif; font-weight: var( --e-global-typography-text-font-weight );\">Les Choucas Parapente\u00a0<\/span><\/p><p>700, Route de l\u2019Etroit Dente<\/p><p>74 440 Mieussy<\/p><p>Il a \u00e9t\u00e9 arr\u00eat\u00e9 et convenu ce qui suit :<\/p><p>1 &#8211; Objet du contrat<\/p><p>Ce contrat a pour objet la cession de droit \u00e0 l\u2019image du c\u00e9dant au profit du cessionnaire ainsi que la d\u00e9finition des termes et conditions dans lesquelles le cessionnaire pourra user des droits acquis aux termes du pr\u00e9sent contrat, qui r\u00e9sultent de la production d\u2019images suivantes :<\/p><p>2 &#8211; Entendue des droits c\u00e9d\u00e9s<\/p><p>a) Le support<\/p><p>Toute utilisation d\u2019images du c\u00e9dant dans des cas diff\u00e9rents de ceux list\u00e9s dans la clauses suivantes requerra une nouvelle autorisation du c\u00e9dant.<\/p><p>b) Usage et contexte d\u2019utilisation de l\u2019image<\/p><p>La diffusion des images est pr\u00e9vue dans un contexte de promotion commerciale et \/ ou d\u2019actions de communication d\u2019activit\u00e9s propos\u00e9es par Les Choucas Parapente. Les images pourront par exemple : \u00eatre propos\u00e9es aux offices du tourisme, \u00eatre diffus\u00e9es sur les r\u00e9seaux sociaux ainsi que sur le site web des Choucas Parapente et de ses partenaires, \u00eatre imprim\u00e9es sans limite de nombre et de taille sur tous supports&#8230; Toute adaptation des images utilis\u00e9es par Les Choucas Parapente est autoris\u00e9 par le c\u00e9dant.<\/p><p>c) La dur\u00e9e<\/p><p>La cession de droit \u00e0 l\u2019image, objet du pr\u00e9sent contrat, est valable sans limitation dans le temps.<\/p><p>3 &#8211; Contrepartie<\/p><p>La pr\u00e9sente cession est effectu\u00e9e \u00e0 titre gratuit. Le c\u00e9dant ne pourra pas demander\u00a0au cessionnaire de contrepartie financi\u00e8re \u00e0 l\u2019utilisation de ses images dans les cas d\u00e9taill\u00e9s par les clauses pr\u00e9c\u00e9dentes<\/p><p>4 &#8211; Confidentialit\u00e9<\/p><p>Le c\u00e9dant s\u2019engage \u00e0 garder la confidentialit\u00e9 des personnes photographi\u00e9es et\/ou prisent en vid\u00e9o durant les activit\u00e9s propos\u00e9es par Les Choucas Parapente et s\u2019engage \u00e0 respecter l\u2019identit\u00e9 des clients des Choucas Parapente, qui ne peut donc pas \u00eatre divulgu\u00e9e sauf autorisation pr\u00e9alable.<\/p>\t\t\t\t\t\t<\/div>\n\t\t\t\t<\/div>\n\t\t\t\t\t<\/div>\n\t\t<\/div>\n\t\t\t\t\t<\/div>\n\t\t<\/section>\n\t\t\t\t<section class=\"elementor-section elementor-top-section elementor-element elementor-element-2812b5f elementor-section-boxed elementor-section-height-default elementor-section-height-default exad-glass-effect-no exad-sticky-section-no\" data-id=\"2812b5f\" data-element_type=\"section\" data-settings=\"{&quot;background_background&quot;:&quot;classic&quot;}\">\n\t\t\t\t\t\t<div class=\"elementor-container elementor-column-gap-default\">\n\t\t\t\t\t<div class=\"elementor-column elementor-col-100 elementor-top-column elementor-element elementor-element-edf72bb exad-glass-effect-no exad-sticky-section-no\" data-id=\"edf72bb\" data-element_type=\"column\">\n\t\t\t<div class=\"elementor-widget-wrap elementor-element-populated\">\n\t\t\t\t\t\t<div class=\"elementor-element elementor-element-bed0073 elementor-widget-tablet__width-initial exad-sticky-section-no exad-glass-effect-no elementor-widget elementor-widget-heading\" data-id=\"bed0073\" data-element_type=\"widget\" data-widget_type=\"heading.default\">\n\t\t\t\t<div class=\"elementor-widget-container\">\n\t\t\t<h2 class=\"elementor-heading-title elementor-size-default\">Souvenirs imp\u00e9rissables <\/h2>\t\t<\/div>\n\t\t\t\t<\/div>\n\t\t\t\t\t<\/div>\n\t\t<\/div>\n\t\t\t\t\t<\/div>\n\t\t<\/section>\n\t\t\t\t<\/div>\n\t\t","protected":false},"excerpt":{"rendered":"<p>CONTRAT DE CESSION DU DROIT A L&rsquo;IMAGE Montrez nous votre plus beau profil L&rsquo;art de saisir l\u2019instant Le pr\u00e9sent contrat est \u00e9tabli, entre les \u00e9l\u00e8ves de l&rsquo;\u00e9cole de parapente Les Choucas inscrits sur un stage ou plus et : Les Choucas Parapente\u00a0 700, Route de l\u2019Etroit Dente 74 440 Mieussy Il a \u00e9t\u00e9 arr\u00eat\u00e9 et [&hellip;]<\/p>\n","protected":false},"author":6,"featured_media":0,"parent":0,"menu_order":0,"comment_status":"closed","ping_status":"closed","template":"elementor_header_footer","meta":{"footnotes":""},"class_list":["post-33061","page","type-page","status-publish","hentry"],"jetpack_sharing_enabled":true,"_links":{"self":[{"href":"https:\/\/leschoucas.com\/index.php\/wp-json\/wp\/v2\/pages\/33061","targetHints":{"allow":["GET"]}}],"collection":[{"href":"https:\/\/leschoucas.com\/index.php\/wp-json\/wp\/v2\/pages"}],"about":[{"href":"https:\/\/leschoucas.com\/index.php\/wp-json\/wp\/v2\/types\/page"}],"author":[{"embeddable":true,"href":"https:\/\/leschoucas.com\/index.php\/wp-json\/wp\/v2\/users\/6"}],"replies":[{"embeddable":true,"href":"https:\/\/leschoucas.com\/index.php\/wp-json\/wp\/v2\/comments?post=33061"}],"version-history":[{"count":3,"href":"https:\/\/leschoucas.com\/index.php\/wp-json\/wp\/v2\/pages\/33061\/revisions"}],"predecessor-version":[{"id":36721,"href":"https:\/\/leschoucas.com\/index.php\/wp-json\/wp\/v2\/pages\/33061\/revisions\/36721"}],"wp:attachment":[{"href":"https:\/\/leschoucas.com\/index.php\/wp-json\/wp\/v2\/media?parent=33061"}],"curies":[{"name":"wp","href":"https:\/\/api.w.org\/{rel}","templated":true}]}}